{"id":256,"date":"2025-11-14T15:50:21","date_gmt":"2025-11-14T14:50:21","guid":{"rendered":"https:\/\/www.beate-eierle.de\/funken-schwarz-schatten-gold\/?page_id=256"},"modified":"2025-11-15T08:27:41","modified_gmt":"2025-11-15T07:27:41","slug":"und","status":"publish","type":"page","link":"https:\/\/www.beate-eierle.de\/funken-schwarz-schatten-gold\/und\/","title":{"rendered":"UND"},"content":{"rendered":"\n<div style=\"height:100px\" aria-hidden=\"true\" class=\"wp-block-spacer\"><\/div>\n\n\n<div class=\"wp-block-image\">\n<figure class=\"aligncenter size-large\"><img loading=\"lazy\" decoding=\"async\" width=\"600\" height=\"600\" src=\"https:\/\/www.beate-eierle.de\/funken-schwarz-schatten-gold\/wp-content\/uploads\/2025\/11\/und-600x600.jpg\" alt=\"\" class=\"wp-image-264\" srcset=\"https:\/\/www.beate-eierle.de\/funken-schwarz-schatten-gold\/wp-content\/uploads\/2025\/11\/und-600x600.jpg 600w, https:\/\/www.beate-eierle.de\/funken-schwarz-schatten-gold\/wp-content\/uploads\/2025\/11\/und-280x280.jpg 280w, https:\/\/www.beate-eierle.de\/funken-schwarz-schatten-gold\/wp-content\/uploads\/2025\/11\/und-150x150.jpg 150w, https:\/\/www.beate-eierle.de\/funken-schwarz-schatten-gold\/wp-content\/uploads\/2025\/11\/und-768x768.jpg 768w, https:\/\/www.beate-eierle.de\/funken-schwarz-schatten-gold\/wp-content\/uploads\/2025\/11\/und.jpg 1024w\" sizes=\"auto, (max-width: 600px) 100vw, 600px\" \/><\/figure>\n<\/div>\n\n\n<div style=\"height:100px\" aria-hidden=\"true\" class=\"wp-block-spacer\"><\/div>\n\n\n\n<p>Dieses W\u00f6rtchen \u201eUND\u201c ist die Verbindung und in seinen Auswirkungen nicht zu untersch\u00e4tzen, denn es ver\u00e4ndert deinen Blick auf alles. UND ist wie ein Gewebe zwischen allem, dass jedes mit jedem verbunden ist. Es ist der Raum, in dem Widerspr\u00fcche nicht aufgel\u00f6st werden m\u00fcssen, sondern friedlich nebeneinander existieren d\u00fcrfen.<\/p>\n\n\n\n<p>UND ist f\u00fcr dich, f\u00fcr mich, f\u00fcr uns alle, die wir lernen mussten: Das Leben ist kein Entweder-oder. Es ist ein Sowohl-als-auch.<\/p>\n\n\n\n<p><strong>UND bedeutet:<\/strong> Funken UND Schwarz UND Schatten UND Gold <a href=\"https:\/\/de.wikipedia.org\/wiki\/Koexistenz\" target=\"_blank\" rel=\"noopener\">koexistieren<\/a>. Nicht nacheinander, nicht als Abl\u00f6sung, sondern gleichzeitig. In dir, in mir, in uns allen.<\/p>\n\n\n\n<p>Die Funken sind noch da, selbst wenn Schwarz sie verdunkeln. Das Schwarz bleibt Teil deiner Geschichte, auch wenn Gold gl\u00e4nzt und sichtbar wird. Der Schatten kann zur\u00fcckkehren, auch wenn du im Licht stehst. Das Gold kann neben dem Dunkel leuchten, ohne es auszul\u00f6schen.<\/p>\n\n\n\n<p>Nichts geschieht allein. Alles ist mit allem verbunden. Alles hat seine Wirkungen und hinterl\u00e4sst seine unsichtbaren und sichtbaren Spuren.<\/p>\n\n\n\n<div style=\"height:50px\" aria-hidden=\"true\" class=\"wp-block-spacer\"><\/div>\n\n\n\n<h2 class=\"wp-block-heading\">UND ist die \u00dcberwindung des Entweder-oder<\/h2>\n\n\n\n<p>Entweder-oder ist die Beschr\u00e4nkung der Eindeutigkeit. Schwarz oder Wei\u00df. Gut oder B\u00f6se. Opfer oder T\u00e4ter. Stark oder schwach. Heil oder zerbrochen. Barfu\u00df oder Lackschuhe. Sekt oder Selters. Eine auf einfache Gegens\u00e4tze reduzierte Sicht.<\/p>\n\n\n\n<p>Entweder-oder zwingt uns scheinbar zur Wahl, wo keine Wahl n\u00f6tig ist. Es nimmt uns M\u00f6glichkeiten, verengt unseren Blick. Es l\u00e4sst uns glauben, wir m\u00fcssten uns f\u00fcr die eine Seite entscheiden, gegen die andere.<\/p>\n\n\n\n<p>Aber das Leben ist nicht eindimensional, in zwei klar getrennte Kategorien aufgeteilt. Es l\u00e4sst sich nicht in zwei einfache Schubladen stecken, auch wenn wir das gesellschaftlich gerne machen.<\/p>\n\n\n\n<p>Das Leben, der Mensch, Situationen und Gef\u00fchle sind oft komplex, vielschichtig, widerspr\u00fcchlich, mehrdeutig und paradox. Es gibt Zwischent\u00f6ne, Nuancen und Graubereiche, die von einer eindimensionalen Sichtweise nicht erfasst werden.<\/p>\n\n\n\n<div style=\"height:50px\" aria-hidden=\"true\" class=\"wp-block-spacer\"><\/div>\n\n\n\n<h2 class=\"wp-block-heading\">UND ist die Befreiung<\/h2>\n\n\n\n<p>Du kannst traumatisiert sein UND lebendig. <br>Du kannst Narben haben UND sch\u00f6n sein. <br>Du kannst dich erinnern UND frei sein \u2013 frei f\u00fcr das JETZT. <br>Du kannst zerbrochen sein UND ganz. <br>Du kannst k\u00e4mpfen UND gleichzeitig Freude empfinden. <br>Du kannst Angst haben UND mutig handeln. <br>Du kannst verletzt sein UND stark.<\/p>\n\n\n\n<p>Du musst dich nicht entscheiden, denn du darfst beides sein. Entweder-oder und Sowohl-als auch. Du darfst ALLES sein.<\/p>\n\n\n\n<div style=\"height:50px\" aria-hidden=\"true\" class=\"wp-block-spacer\"><\/div>\n\n\n\n<h2 class=\"wp-block-heading\">UND ist die F\u00e4higkeit, Widerspr\u00fcche auszuhalten<\/h2>\n\n\n\n<p>Die Graut\u00f6ne wahrzunehmen, Zwischent\u00f6ne zu h\u00f6ren, die Nuancen zu sehen. Das Paradoxe auszuhalten, ohne es aufl\u00f6sen zu m\u00fcssen.<\/p>\n\n\n\n<p><strong>Es ist die Reife zu verstehen: <\/strong>Ich bin nicht entweder das eine oder das andere. Ich bin beides und noch viel mehr.<\/p>\n\n\n\n<div style=\"height:50px\" aria-hidden=\"true\" class=\"wp-block-spacer\"><\/div>\n\n\n\n<h2 class=\"wp-block-heading\">UND ist die Erkenntnis der Verbundenheit<\/h2>\n\n\n\n<p>Meine Vergangenheit UND meine Gegenwart sind verbunden. <br>Mein Schmerz UND meine Freude existieren nebeneinander. <br>Meine Wunden UND meine Heilung geh\u00f6ren zusammen.<\/p>\n\n\n\n<p>Das Schwarz hat die Schatten erschaffen. Die Schatten haben den Weg zum Gold geebnet. Das Gold tr\u00e4gt die Erinnerung an Schwarz und Schatten in sich. Und die Funken waren von Anfang an da und werden bleiben so lange ich lebe, auch wenn ich sie manchmal glaube nicht zu sehen.<\/p>\n\n\n\n<div style=\"height:50px\" aria-hidden=\"true\" class=\"wp-block-spacer\"><\/div>\n\n\n\n<h2 class=\"wp-block-heading\">UND ist eine Lektion<\/h2>\n\n\n\n<p>F\u00fcr viele von uns war Entweder-oder das \u00dcberlebensmuster. Schwarz oder Wei\u00df, Kampf oder Flucht, Funktionieren oder Zusammenbrechen. Keine Graut\u00f6ne, keine Zwischenwege, nur Extreme.<\/p>\n\n\n\n<p>Dieses Muster hat uns vielleicht durch das Schwarz getragen. Aber es hat uns auch unendliche M\u00f6glichkeiten genommen. Es hat uns eingeschr\u00e4nkt und starr gemacht, f\u00fcr das bewegliche Leben. Wie das Wasser, das in einem Fluss flie\u00dft und sich nicht aufhalten l\u00e4sst.<\/p>\n\n\n\n<p>Das UND zu lernen \u2013 das Sowohl-als-auch zuzulassen \u2013 ist eine der lehrreichsten, schwierigsten und befreiendsten Lektionen des Lebens.<\/p>\n\n\n\n<div style=\"height:50px\" aria-hidden=\"true\" class=\"wp-block-spacer\"><\/div>\n\n\n\n<h2 class=\"wp-block-heading\">UND als eine gesellschaftliche Ver\u00e4nderung<\/h2>\n\n\n\n<p>Was w\u00e4re, wenn wir als Gesellschaft lernen w\u00fcrden, das UND zu leben? Wenn wir aufh\u00f6ren w\u00fcrden, Menschen in Kategorien zu pressen? <\/p>\n\n\n\n<p><strong>Wenn wir erkennen w\u00fcrden: <\/strong>Menschen sind komplex. Sie sind nicht entweder gut oder b\u00f6se, entweder Opfer oder T\u00e4ter, entweder stark oder schwach.<\/p>\n\n\n\n<p>Was w\u00e4re, wenn wir Raum schaffen w\u00fcrden f\u00fcr die Widerspr\u00fcche? F\u00fcr die Menschen, die gleichzeitig k\u00e4mpfen und leben, leiden und lieben, zerbrochen und ganz sind?<br>Was w\u00e4re, wenn wir eine Kultur des Sowohl-als-auch entwickeln w\u00fcrden, statt Menschen zu zwingen, sich zu entscheiden, wer sie sein d\u00fcrfen?<\/p>\n\n\n\n<div style=\"height:50px\" aria-hidden=\"true\" class=\"wp-block-spacer\"><\/div>\n\n\n\n<h2 class=\"wp-block-heading\">UND ist die pure Freiheit<\/h2>\n\n\n\n<p>Die Freiheit, alle Facetten deines wahren Seins zu umarmen. <br>Die Freiheit, nicht eindeutig sein zu m\u00fcssen. <br>Die Freiheit, dich nicht erkl\u00e4ren zu m\u00fcssen. <br>Die Freiheit, einfach in deiner ganzen Komplexit\u00e4t zu sein, in deinem ganzen Widerspruch, in deiner ganzen ureigenen, einmaligen Sch\u00f6nheit.<\/p>\n\n\n\n<p><strong>UND bedeutet:<\/strong> Ich bin alles gleichzeitig.<\/p>\n\n\n\n<p>Ich habe eine Traumageschichte UND ich bin nicht das Trauma. <br>Ich trage Schwarz in mir UND ich lebe und gl\u00e4nze im Gold. <br>Ich erinnere mich an die Vergangenheit UND bin frei f\u00fcr das JETZT.<br>Ich bin Funken UND Schwarz UND Schatten UND Gold.<br>Ich bin nicht Entweder-oder. <\/p>\n\n\n\n<p>Ich bin UND.<\/p>\n\n\n\n<div style=\"height:50px\" aria-hidden=\"true\" class=\"wp-block-spacer\"><\/div>\n\n\n\n<blockquote class=\"wp-block-quote is-layout-flow wp-block-quote-is-layout-flow\">\n<p class=\"has-text-align-center\">Ein Wort und alles ist gerettet.<br>Ein Wort und alles ist verloren. <br><br>\u00a9Andr\u00e9 Breton<\/p>\n<\/blockquote>\n\n\n\n<div style=\"height:50px\" aria-hidden=\"true\" class=\"wp-block-spacer\"><\/div>\n\n\n\n<p>Die Beitr\u00e4ge in den Reflexionen unter &#8222;<a href=\"https:\/\/www.beate-eierle.de\/funken-schwarz-schatten-gold\/category\/und\/\">UND<\/a>&#8220; erforschen die vielen Facetten der Ganzheit.<\/p>\n\n\n\n<p><\/p>\n","protected":false},"excerpt":{"rendered":"<p>Dieses W\u00f6rtchen \u201eUND\u201c ist die Verbindung und in seinen Auswirkungen nicht zu untersch\u00e4tzen, denn es ver\u00e4ndert deinen Blick auf alles. UND ist wie ein Gewebe zwischen allem, dass jedes mit&#8230;<\/p>\n<p> <a class=\"continue-reading-link\" href=\"https:\/\/www.beate-eierle.de\/funken-schwarz-schatten-gold\/und\/\"><span>weiterlesen &#8230;<\/span><i class=\"crycon-right-dir\"><\/i><\/a> <\/p>\n","protected":false},"author":1,"featured_media":264,"parent":0,"menu_order":9,"comment_status":"closed","ping_status":"closed","template":"templates\/template-twocolumns-left.php","meta":{"footnotes":""},"class_list":["post-256","page","type-page","status-publish","has-post-thumbnail","hentry"],"_links":{"self":[{"href":"https:\/\/www.beate-eierle.de\/funken-schwarz-schatten-gold\/wp-json\/wp\/v2\/pages\/256","targetHints":{"allow":["GET"]}}],"collection":[{"href":"https:\/\/www.beate-eierle.de\/funken-schwarz-schatten-gold\/wp-json\/wp\/v2\/pages"}],"about":[{"href":"https:\/\/www.beate-eierle.de\/funken-schwarz-schatten-gold\/wp-json\/wp\/v2\/types\/page"}],"author":[{"embeddable":true,"href":"https:\/\/www.beate-eierle.de\/funken-schwarz-schatten-gold\/wp-json\/wp\/v2\/users\/1"}],"replies":[{"embeddable":true,"href":"https:\/\/www.beate-eierle.de\/funken-schwarz-schatten-gold\/wp-json\/wp\/v2\/comments?post=256"}],"version-history":[{"count":11,"href":"https:\/\/www.beate-eierle.de\/funken-schwarz-schatten-gold\/wp-json\/wp\/v2\/pages\/256\/revisions"}],"predecessor-version":[{"id":295,"href":"https:\/\/www.beate-eierle.de\/funken-schwarz-schatten-gold\/wp-json\/wp\/v2\/pages\/256\/revisions\/295"}],"wp:featuredmedia":[{"embeddable":true,"href":"https:\/\/www.beate-eierle.de\/funken-schwarz-schatten-gold\/wp-json\/wp\/v2\/media\/264"}],"wp:attachment":[{"href":"https:\/\/www.beate-eierle.de\/funken-schwarz-schatten-gold\/wp-json\/wp\/v2\/media?parent=256"}],"curies":[{"name":"wp","href":"https:\/\/api.w.org\/{rel}","templated":true}]}}