{"id":36,"date":"2025-10-23T07:25:03","date_gmt":"2025-10-23T05:25:03","guid":{"rendered":"https:\/\/www.beate-eierle.de\/funken-schwarz-schatten-gold\/?page_id=36"},"modified":"2026-02-22T19:55:50","modified_gmt":"2026-02-22T18:55:50","slug":"impressum","status":"publish","type":"page","link":"https:\/\/www.beate-eierle.de\/funken-schwarz-schatten-gold\/kontakt\/impressum\/","title":{"rendered":"Impressum"},"content":{"rendered":"<div class=\"wp-block-image\">\n<figure class=\"aligncenter\"><img decoding=\"async\" src=\"https:\/\/www.beate-eierle.de\/wp-content\/uploads\/2023\/11\/s-impressum.gif\" alt=\"\" class=\"wp-image-33\"\/><\/figure>\n<\/div>\n\n\n<div style=\"height:50px\" aria-hidden=\"true\" class=\"wp-block-spacer\"><\/div>\n\n\n\n<p class=\"has-text-align-left\"><strong>www.beate-eierle.de<\/strong><\/p>\n\n\n\n<p>MENTORIN F\u00dcR KREATIVE TRANSFORMATION<\/p>\n\n\n\n<p>NeuroGraphik\u00ae Trainerin | \u00c4sthetische Coachin<br>Heilpraktikerin &#8211; Autorin &#8211; Designerin &#8211; K\u00fcnstlerin<\/p>\n\n\n\n<p class=\"has-text-align-left\">BEATE Eierle<br>Klosterstr. 53 A<br>45481 M\u00fclheim an der Ruhr<\/p>\n\n\n\n<p class=\"has-text-align-left\">+49 (0) 172 &#8211; 13 12 001<br><a href=\"mailto:mail@beate-eierle.de\">mail@beate-eierle.de<\/a><\/p>\n\n\n\n<div style=\"height:50px\" aria-hidden=\"true\" class=\"wp-block-spacer\"><\/div>\n\n\n\n<p class=\"has-text-align-left\">Gesetzliche Berufsbezeichnung: Heilpraktikerin<br>Verliehen in Deutschland: 1999 durch das Gesundheitsamt Krefeld<br>Zust\u00e4ndige Aufsichtsbeh\u00f6rde: Gesundheitsamt M\u00fclheim an der Ruhr<br>Es gelten folgende berufsrechtliche Regelungen: Heilpraktikergesetz<br>Regelungen einsehbar unter: <a href=\"http:\/\/www.heilpraktiker.org\/der-rechtliche-status-des-heilpraktikers\" target=\"_blank\" rel=\"noopener\">http:\/\/www.heilpraktiker.org\/der-rechtliche-status-des-heilpraktikers<\/a><\/p>\n\n\n\n<div style=\"height:50px\" aria-hidden=\"true\" class=\"wp-block-spacer\"><\/div>\n\n\n\n<h2 class=\"wp-block-heading has-text-align-left\">Redaktionell verantwortlich<\/h2>\n\n\n\n<p class=\"has-text-align-left\">BEATE Eierle<br>Klosterstr. 53 A<br>45481 M\u00fclheim an der Ruhr<\/p>\n\n\n\n<div style=\"height:50px\" aria-hidden=\"true\" class=\"wp-block-spacer\"><\/div>\n\n\n\n<h2 class=\"wp-block-heading\">Social Media und andere Onlinepr\u00e4senzen<\/h2>\n\n\n\n<p class=\"has-text-align-left\">Dieses Impressum gilt auch f\u00fcr die folgenden Social-Media-Pr\u00e4senzen und Onlineprofile:<\/p>\n\n\n\n<p class=\"has-text-align-left\"><a href=\"https:\/\/www.facebook.com\/bitte.einmal.anders\" target=\"_blank\" rel=\"noopener\">https:\/\/www.facebook.com\/bitte.einmal.anders<\/a><br><a href=\"https:\/\/www.instagram.com\/beate.eierle\/\" target=\"_blank\" rel=\"noopener\">https:\/\/www.instagram.com\/beate.eierle<\/a><br><a href=\"https:\/\/www.linkedin.com\/in\/beate-eierle\/\" target=\"_blank\" rel=\"noopener\">https:\/\/www.linkedin.com\/in\/beate-eierle<\/a><br><a href=\"https:\/\/www.youtube.com\/@beate-eierle\" target=\"_blank\" rel=\"noopener\">https:\/\/www.youtube.com\/@beate-eierle<\/a><\/p>\n\n\n\n<div style=\"height:50px\" aria-hidden=\"true\" class=\"wp-block-spacer\"><\/div>\n\n\n\n<h3 class=\"wp-block-heading\">Haftungsausschluss (Disclaimer)<\/h3>\n\n\n\n<p class=\"has-text-align-left\">Die Inhalte dieses Onlineangebotes wurden sorgf\u00e4ltig und nach unserem aktuellen Kenntnisstand erstellt, dienen jedoch nur der Information und entfalten keine rechtlich bindende Wirkung, sofern es sich nicht um gesetzlich verpflichtende Informationen (z.B. das Impressum, die Datenschutzerkl\u00e4rung, AGB oder verpflichtende Belehrungen von Verbrauchern) handelt. Wir behalten uns vor, die Inhalte vollst\u00e4ndig oder teilweise zu \u00e4ndern oder zu l\u00f6schen, soweit vertragliche Verpflichtungen unber\u00fchrt bleiben. Alle Angebote sind freibleibend und unverbindlich.<\/p>\n\n\n\n<div style=\"height:50px\" aria-hidden=\"true\" class=\"wp-block-spacer\"><\/div>\n\n\n\n<h3 class=\"wp-block-heading has-text-align-left\">Links auf fremde Webseiten<\/h3>\n\n\n\n<p class=\"has-text-align-left\">Die Inhalte fremder Webseiten, auf die wir direkt oder indirekt verweisen, liegen au\u00dferhalb unseres Verantwortungsbereiches und wir machen sie uns nicht zu Eigen. F\u00fcr alle Inhalte und Nachteile, die aus der Nutzung der in den verlinkten Webseiten aufrufbaren Informationen entstehen, \u00fcbernehmen wir keine Verantwortung.<\/p>\n\n\n\n<div style=\"height:50px\" aria-hidden=\"true\" class=\"wp-block-spacer\"><\/div>\n\n\n\n<h3 class=\"wp-block-heading has-text-align-left\">Urheberrechte und Markenrechte<\/h3>\n\n\n\n<p class=\"has-text-align-left\">Alle auf dieser Website dargestellten Inhalte, wie Texte, Fotografien, Grafiken, Marken und Warenzeichen sind durch die jeweiligen Schutzrechte (Urheberrechte, Markenrechte) gesch\u00fctzt. Die Verwendung, Vervielf\u00e4ltigung usw. unterliegen unseren Rechten oder den Rechten der jeweiligen Urheber bzw. Rechteinhaber.<\/p>\n\n\n\n<div style=\"height:50px\" aria-hidden=\"true\" class=\"wp-block-spacer\"><\/div>\n\n\n\n<h2 class=\"wp-block-heading has-text-align-left\">Hinweise auf Rechtsverst\u00f6\u00dfe<\/h2>\n\n\n\n<p class=\"has-text-align-left\">Sollten Sie innerhalb unseres Internetauftritts Rechtsverst\u00f6\u00dfe bemerken, bitten wir Sie uns auf diese hinzuweisen. Wir werden rechtswidrige Inhalte und Links nach Kenntnisnahme unverz\u00fcglich entfernen.<\/p>\n\n\n\n<div style=\"height:50px\" aria-hidden=\"true\" class=\"wp-block-spacer\"><\/div>\n\n\n\n<h2 class=\"wp-block-heading\">Angaben zum Webdesign<\/h2>\n\n\n\n<p class=\"has-text-align-left\">BEATE Eierle<\/p>\n\n\n\n<p><a title=\"Rechtstext von Dr. Schwenke - f\u00fcr weitere Informationen bitte anklicken.\" href=\"https:\/\/datenschutz-generator.de\/\" target=\"_blank\" rel=\"noopener noreferrer nofollow\">Erstellt mit kostenlosem Datenschutz-Generator.de von Dr. Thomas Schwenke<\/a><\/p>\n\n\n\n<p class=\"has-text-align-left\">Stand 23. Oktober 2025<\/p>\n\n\n\n<p><\/p>\n","protected":false},"excerpt":{"rendered":"<p>www.beate-eierle.de MENTORIN F\u00dcR KREATIVE TRANSFORMATION NeuroGraphik\u00ae Trainerin | \u00c4sthetische CoachinHeilpraktikerin &#8211; Autorin &#8211; Designerin &#8211; K\u00fcnstlerin BEATE EierleKlosterstr. 53 A45481 M\u00fclheim an der Ruhr +49 (0) 172 &#8211; 13 12&#8230;<\/p>\n<p> <a class=\"continue-reading-link\" href=\"https:\/\/www.beate-eierle.de\/funken-schwarz-schatten-gold\/kontakt\/impressum\/\"><span>weiterlesen &#8230;<\/span><i class=\"crycon-right-dir\"><\/i><\/a> <\/p>\n","protected":false},"author":1,"featured_media":0,"parent":21,"menu_order":2,"comment_status":"closed","ping_status":"closed","template":"templates\/template-twocolumns-left.php","meta":{"footnotes":""},"class_list":["post-36","page","type-page","status-publish","hentry"],"_links":{"self":[{"href":"https:\/\/www.beate-eierle.de\/funken-schwarz-schatten-gold\/wp-json\/wp\/v2\/pages\/36","targetHints":{"allow":["GET"]}}],"collection":[{"href":"https:\/\/www.beate-eierle.de\/funken-schwarz-schatten-gold\/wp-json\/wp\/v2\/pages"}],"about":[{"href":"https:\/\/www.beate-eierle.de\/funken-schwarz-schatten-gold\/wp-json\/wp\/v2\/types\/page"}],"author":[{"embeddable":true,"href":"https:\/\/www.beate-eierle.de\/funken-schwarz-schatten-gold\/wp-json\/wp\/v2\/users\/1"}],"replies":[{"embeddable":true,"href":"https:\/\/www.beate-eierle.de\/funken-schwarz-schatten-gold\/wp-json\/wp\/v2\/comments?post=36"}],"version-history":[{"count":2,"href":"https:\/\/www.beate-eierle.de\/funken-schwarz-schatten-gold\/wp-json\/wp\/v2\/pages\/36\/revisions"}],"predecessor-version":[{"id":38,"href":"https:\/\/www.beate-eierle.de\/funken-schwarz-schatten-gold\/wp-json\/wp\/v2\/pages\/36\/revisions\/38"}],"up":[{"embeddable":true,"href":"https:\/\/www.beate-eierle.de\/funken-schwarz-schatten-gold\/wp-json\/wp\/v2\/pages\/21"}],"wp:attachment":[{"href":"https:\/\/www.beate-eierle.de\/funken-schwarz-schatten-gold\/wp-json\/wp\/v2\/media?parent=36"}],"curies":[{"name":"wp","href":"https:\/\/api.w.org\/{rel}","templated":true}]}}