{"id":49,"date":"2025-10-23T11:47:07","date_gmt":"2025-10-23T09:47:07","guid":{"rendered":"https:\/\/www.beate-eierle.de\/funken-schwarz-schatten-gold\/?page_id=49"},"modified":"2025-12-22T11:49:47","modified_gmt":"2025-12-22T10:49:47","slug":"die-idee","status":"publish","type":"page","link":"https:\/\/www.beate-eierle.de\/funken-schwarz-schatten-gold\/die-idee\/","title":{"rendered":"Die Idee"},"content":{"rendered":"\n<div style=\"height:100px\" aria-hidden=\"true\" class=\"wp-block-spacer\"><\/div>\n\n\n\n<figure class=\"wp-block-image size-large\"><img loading=\"lazy\" decoding=\"async\" width=\"400\" height=\"600\" src=\"https:\/\/www.beate-eierle.de\/funken-schwarz-schatten-gold\/wp-content\/uploads\/2025\/10\/leuchtender-riss-400x600.jpg\" alt=\"\" class=\"wp-image-64\" srcset=\"https:\/\/www.beate-eierle.de\/funken-schwarz-schatten-gold\/wp-content\/uploads\/2025\/10\/leuchtender-riss-400x600.jpg 400w, https:\/\/www.beate-eierle.de\/funken-schwarz-schatten-gold\/wp-content\/uploads\/2025\/10\/leuchtender-riss-187x280.jpg 187w, https:\/\/www.beate-eierle.de\/funken-schwarz-schatten-gold\/wp-content\/uploads\/2025\/10\/leuchtender-riss-768x1152.jpg 768w, https:\/\/www.beate-eierle.de\/funken-schwarz-schatten-gold\/wp-content\/uploads\/2025\/10\/leuchtender-riss-100x150.jpg 100w, https:\/\/www.beate-eierle.de\/funken-schwarz-schatten-gold\/wp-content\/uploads\/2025\/10\/leuchtender-riss.jpg 900w\" sizes=\"auto, (max-width: 400px) 100vw, 400px\" \/><\/figure>\n\n\n\n<div style=\"height:100px\" aria-hidden=\"true\" class=\"wp-block-spacer\"><\/div>\n\n\n\n<p>Es gibt Dunkelheiten, die kein Wort erreicht.<br>Zeiten, in denen Schweigen zu laut und Sprechen unm\u00f6glich wird.<br>Was bleibt, ist das Gestalten.<\/p>\n\n\n\n<p>Ich habe \u00fcberlebt, weil ich gestalten konnte.<br>Weil ich aus Schmerz Sprache machte,<br>aus Mangel M\u00f6glichkeiten,<br>aus Chaos, Form und Ordnung.<\/p>\n\n\n\n<p>Kreativit\u00e4t war f\u00fcr mich mehr als Kunst.<br>Sie war das Erfinden von L\u00f6sungen, wenn keine da waren.<br>Das Sch\u00f6ne, das aus dem Wenigen wuchs.<br>Der Weg, der aus dem Nichts entstand.<\/p>\n\n\n\n<p>Kreativit\u00e4t war mein Atem, als alles andere stockte.<br>Sie wurde zum Raum, in dem Schmerz sich bewegen durfte,<br>bis er leiser wurde und eine ureigene Form fand.<br>Aus Linien wurde Sprache, aus Br\u00fcchen Bedeutung,<br>aus Wunden leuchtende Spuren.<\/p>\n\n\n\n<p>So wuchs <em>Funken Schwarz &amp; Schatten Gold<\/em> \u2013<br>nicht als Plan, sondern als Zeugnis dieser inneren Alchemie.<br>Ein Ort, an dem das Dunkle nicht verdr\u00e4ngt,<br>sondern geachtet wird.<br>Ein Raum, in dem das Leben seine eigene Sch\u00f6nheit zur\u00fcckgewinnt,<br>nicht trotz, sondern durch seine Risse.<\/p>\n\n\n\n<p>Wie in der japanischen Kunst des Kintsugi<br>werden Br\u00fcche hier nicht verdeckt,<br>sondern mit Gold verbunden.<br>Das Gold steht f\u00fcr Bewusstsein, f\u00fcr W\u00fcrde,<br>f\u00fcr die stille Kraft des Weitergehens.<\/p>\n\n\n\n<p>Jedes Wort, jedes Bild ist Teil dieses Prozesses \u2013<br>meines Prozesses.<br>Ein Versuch, das Unfassbare sichtbar zu machen,<br>ohne es zu besch\u00f6nigen.<\/p>\n\n\n\n<p>Denn alles, was wirklich heilt,<br>tr\u00e4gt die Spur des Gebrochenen in sich.<\/p>\n\n\n\n<div style=\"height:50px\" aria-hidden=\"true\" class=\"wp-block-spacer\"><\/div>\n\n\n\n<blockquote class=\"wp-block-quote is-layout-flow wp-block-quote-is-layout-flow\">\n<p class=\"has-text-align-left\">There is a crack in everything,<br>that\u2019s how the light gets in.<br><br>\u00a9 Leonard Cohen<br><br>In allem ist ein Riss,<br>dadurch dringt das Licht hinein.<\/p>\n<\/blockquote>\n\n\n\n<div style=\"height:50px\" aria-hidden=\"true\" class=\"wp-block-spacer\"><\/div>\n\n\n\n<p>Diese Art, das Leben zu sehen und zu leben<br>sind meine \u00dcberlebensfunken.<br>Das, was mich am Leben gehalten hat,<br>als nichts anderes mehr ging.<\/p>\n\n\n\n<p>Ich zeige dir, wie ich \u00fcberlebt habe.<br>Vielleicht findest du darin etwas f\u00fcr deinen eigenen Weg.<\/p>\n\n\n\n<p>Licht &amp; Schatten \u2013 untrennbar verbunden,<br>wie Geschwister der Ewigkeit.<\/p>\n\n\n\n<p><\/p>\n","protected":false},"excerpt":{"rendered":"<p>Es gibt Dunkelheiten, die kein Wort erreicht.Zeiten, in denen Schweigen zu laut und Sprechen unm\u00f6glich wird.Was bleibt, ist das Gestalten. Ich habe \u00fcberlebt, weil ich gestalten konnte.Weil ich aus Schmerz&#8230;<\/p>\n<p> <a class=\"continue-reading-link\" href=\"https:\/\/www.beate-eierle.de\/funken-schwarz-schatten-gold\/die-idee\/\"><span>weiterlesen &#8230;<\/span><i class=\"crycon-right-dir\"><\/i><\/a> <\/p>\n","protected":false},"author":1,"featured_media":64,"parent":0,"menu_order":4,"comment_status":"closed","ping_status":"closed","template":"templates\/template-twocolumns-left.php","meta":{"footnotes":""},"class_list":["post-49","page","type-page","status-publish","has-post-thumbnail","hentry"],"_links":{"self":[{"href":"https:\/\/www.beate-eierle.de\/funken-schwarz-schatten-gold\/wp-json\/wp\/v2\/pages\/49","targetHints":{"allow":["GET"]}}],"collection":[{"href":"https:\/\/www.beate-eierle.de\/funken-schwarz-schatten-gold\/wp-json\/wp\/v2\/pages"}],"about":[{"href":"https:\/\/www.beate-eierle.de\/funken-schwarz-schatten-gold\/wp-json\/wp\/v2\/types\/page"}],"author":[{"embeddable":true,"href":"https:\/\/www.beate-eierle.de\/funken-schwarz-schatten-gold\/wp-json\/wp\/v2\/users\/1"}],"replies":[{"embeddable":true,"href":"https:\/\/www.beate-eierle.de\/funken-schwarz-schatten-gold\/wp-json\/wp\/v2\/comments?post=49"}],"version-history":[{"count":16,"href":"https:\/\/www.beate-eierle.de\/funken-schwarz-schatten-gold\/wp-json\/wp\/v2\/pages\/49\/revisions"}],"predecessor-version":[{"id":351,"href":"https:\/\/www.beate-eierle.de\/funken-schwarz-schatten-gold\/wp-json\/wp\/v2\/pages\/49\/revisions\/351"}],"wp:featuredmedia":[{"embeddable":true,"href":"https:\/\/www.beate-eierle.de\/funken-schwarz-schatten-gold\/wp-json\/wp\/v2\/media\/64"}],"wp:attachment":[{"href":"https:\/\/www.beate-eierle.de\/funken-schwarz-schatten-gold\/wp-json\/wp\/v2\/media?parent=49"}],"curies":[{"name":"wp","href":"https:\/\/api.w.org\/{rel}","templated":true}]}}