{"id":68,"date":"2025-10-28T16:18:29","date_gmt":"2025-10-28T15:18:29","guid":{"rendered":"https:\/\/www.beate-eierle.de\/funken-schwarz-schatten-gold\/?page_id=68"},"modified":"2025-12-22T11:58:59","modified_gmt":"2025-12-22T10:58:59","slug":"die-geburt","status":"publish","type":"page","link":"https:\/\/www.beate-eierle.de\/funken-schwarz-schatten-gold\/die-geburt\/","title":{"rendered":"Die Geburt"},"content":{"rendered":"\n<div style=\"height:100px\" aria-hidden=\"true\" class=\"wp-block-spacer\"><\/div>\n\n\n\n<figure class=\"wp-block-image size-large\"><img loading=\"lazy\" decoding=\"async\" width=\"400\" height=\"600\" src=\"https:\/\/www.beate-eierle.de\/funken-schwarz-schatten-gold\/wp-content\/uploads\/2025\/10\/geburt-400x600.png\" alt=\"\" class=\"wp-image-98\" srcset=\"https:\/\/www.beate-eierle.de\/funken-schwarz-schatten-gold\/wp-content\/uploads\/2025\/10\/geburt-400x600.png 400w, https:\/\/www.beate-eierle.de\/funken-schwarz-schatten-gold\/wp-content\/uploads\/2025\/10\/geburt-187x280.png 187w, https:\/\/www.beate-eierle.de\/funken-schwarz-schatten-gold\/wp-content\/uploads\/2025\/10\/geburt-100x150.png 100w, https:\/\/www.beate-eierle.de\/funken-schwarz-schatten-gold\/wp-content\/uploads\/2025\/10\/geburt.png 500w\" sizes=\"auto, (max-width: 400px) 100vw, 400px\" \/><\/figure>\n\n\n\n<div style=\"height:100px\" aria-hidden=\"true\" class=\"wp-block-spacer\"><\/div>\n\n\n\n<p>Von der inneren Notwendigkeit zur bewussten sch\u00f6pferischen Gestalt.<\/p>\n\n\n\n<div style=\"height:50px\" aria-hidden=\"true\" class=\"wp-block-spacer\"><\/div>\n\n\n\n<h2 class=\"wp-block-heading\">Warum dieses Projekt geboren wurde.<\/h2>\n\n\n\n<p>Es gibt Momente im Leben, in dem das intimste Private nach au\u00dfen dr\u00e4ngt. Nicht, weil es sich zeigen will, sondern weil es nicht mehr allein bleiben will, in der schweigenden inneren Einsamkeit.<\/p>\n\n\n\n<p>Jahrelang lebte in mir diese Kunst, die Verwandlung von Dunkelheit in Form, von Stummheit in Sprache, von \u00dcberleben in Gestalten. Es war mein Geheimnis, mein Werkzeug, mein Rettungsanker. Doch irgendwann wurde mir klar: Was mich gerettet hat, ist kein Zufall. Es ist ein Pfad. Und Pfade sind nicht nur zum Gehen da, sie sind dazu da, weiterzugeben.<\/p>\n\n\n\n<div style=\"height:50px\" aria-hidden=\"true\" class=\"wp-block-spacer\"><\/div>\n\n\n\n<h2 class=\"wp-block-heading\">Die Frage, die alles ver\u00e4nderte.<\/h2>\n\n\n\n<p><em>\u201eWas w\u00e4re, wenn andere Menschen denselben Schl\u00fcssel br\u00e4uchten, den ich in der Dunkelheit gefunden habe?\u201c<\/em><\/p>\n\n\n\n<p>Nicht als Rezept.<br>Nicht als Nonplusultra L\u00f6sung f\u00fcr alle.<\/p>\n\n\n\n<p>Aber als Zeugnis, dass es m\u00f6glich ist:<\/p>\n\n\n\n<p><img loading=\"lazy\" decoding=\"async\" width=\"22\" height=\"22\" class=\"wp-image-79\" style=\"width: 22px;\" src=\"https:\/\/www.beate-eierle.de\/funken-schwarz-schatten-gold\/wp-content\/uploads\/2025\/10\/funke-ganzklein.jpg\" alt=\"\">Aus Br\u00fcchen Sch\u00f6nheit zu formen.<br><img loading=\"lazy\" decoding=\"async\" width=\"22\" height=\"22\" class=\"wp-image-79\" style=\"width: 22px;\" src=\"https:\/\/www.beate-eierle.de\/funken-schwarz-schatten-gold\/wp-content\/uploads\/2025\/10\/funke-ganzklein.jpg\" alt=\"\">Dem Schmerz Raum zu geben, ohne von ihm verschlungen zu werden.<br><img loading=\"lazy\" decoding=\"async\" width=\"22\" height=\"22\" class=\"wp-image-79\" style=\"width: 22px;\" src=\"https:\/\/www.beate-eierle.de\/funken-schwarz-schatten-gold\/wp-content\/uploads\/2025\/10\/funke-ganzklein.jpg\" alt=\"\">Das Dunkle zu w\u00fcrdigen, statt es zu bek\u00e4mpfen oder weg haben zu wollen.<br><img loading=\"lazy\" decoding=\"async\" width=\"22\" height=\"22\" class=\"wp-image-79\" style=\"width: 22px;\" src=\"https:\/\/www.beate-eierle.de\/funken-schwarz-schatten-gold\/wp-content\/uploads\/2025\/10\/funke-ganzklein.jpg\" alt=\"\">Kreativit\u00e4t nicht als Flucht, sondern als Werkzeug der Transformation zu begreifen.<\/p>\n\n\n\n<div style=\"height:50px\" aria-hidden=\"true\" class=\"wp-block-spacer\"><\/div>\n\n\n\n<h2 class=\"wp-block-heading\">Warum jetzt? Warum so?<\/h2>\n\n\n\n<p>Weil Schweigen so lange Schutz f\u00fcr mich war, bis ich die Kraft, das Bewusstsein und den Mut hatte, mich mit allen Schatten und dunklen Geheimnissen zu zeigen.<\/p>\n\n\n\n<p>Weil mein Jahrzehntes langes Verschweigen der vielen dunklen Stunden mich in jahrelanger, selbstgew\u00e4hlter Isolation festhielt. Gen\u00e4hrt von der Angst, vor einer \u00d6ffentlichkeit, die die Schatten der Vergangenheit lieber verdr\u00e4ngt, als sich ihnen zu stellen, und jene verurteilt, die sie ans Licht bringen.<\/p>\n\n\n\n<p>Weil ich erkannte: <strong>Meine Angst vor Verurteilung war kleiner geworden als mein Bed\u00fcrfnis, anderen einen Weg zu zeigen.<\/strong><\/p>\n\n\n\n<p>Weil ich nach so langer Zeit m\u00fcde wurde, allein mit dieser gewachsenen Wahrheit zu sein: dass das Dunkle nicht der Feind ist, sondern der Boden, aus dem das Licht w\u00e4chst.<\/p>\n\n\n\n<div style=\"height:50px\" aria-hidden=\"true\" class=\"wp-block-spacer\"><\/div>\n\n\n\n<h2 class=\"wp-block-heading\">Funken Schwarz &amp; Schatten Gold<\/h2>\n\n\n\n<p>Entstand nicht aus einem Businessplan, oder einer Larifari-Laune. Es ist aus einer inneren Dringlichkeit entstanden und wurde geboren, weil es f\u00fcr mich nach Jahrzehnte langer Reifung und innerem Wissen klar wurde, ich muss es jetzt endlich tun, bevor meine Reise auf dieser Welt zu Ende geht.<\/p>\n\n\n\n<p>Wenn ich schon so viel \u00fcberlebt habe, dann nicht, um zu schweigen.<br>Sondern um zu zeigen: <strong>So sieht \u00dcberleben aus, wenn es durch Gestaltung atmet.<\/strong><\/p>\n\n\n\n<p>Aus dieser Entscheidung zu zeigen statt zu schweigen, entstand dieser Ausdruck (m)eines Weges, den Worte oft nicht halten konnten. Ich zeige f\u00fcr uns alle, was sonst stumm und ungesehen bleibt. Gestaltung wurde zu meiner inneren Struktur. Ein Ort, an dem der innere Druck Form fand. Doch damit es stehen, atmen und andere erreichen kann, braucht es ein <a href=\"https:\/\/www.beate-eierle.de\/funken-schwarz-schatten-gold\/das-fundament\/\">Fundament<\/a>.<\/p>\n\n\n\n<div style=\"height:50px\" aria-hidden=\"true\" class=\"wp-block-spacer\"><\/div>\n\n\n\n<blockquote class=\"wp-block-quote is-layout-flow wp-block-quote-is-layout-flow\">\n<p class=\"has-text-align-center\">Die Form ist nicht das Ziel, sondern das Resultat.<br><br>Ludwig Mies van der Rohe<\/p>\n<\/blockquote>\n","protected":false},"excerpt":{"rendered":"<p>Von der inneren Notwendigkeit zur bewussten sch\u00f6pferischen Gestalt. Warum dieses Projekt geboren wurde. Es gibt Momente im Leben, in dem das intimste Private nach au\u00dfen dr\u00e4ngt. Nicht, weil es sich&#8230;<\/p>\n<p> <a class=\"continue-reading-link\" href=\"https:\/\/www.beate-eierle.de\/funken-schwarz-schatten-gold\/die-geburt\/\"><span>weiterlesen &#8230;<\/span><i class=\"crycon-right-dir\"><\/i><\/a> <\/p>\n","protected":false},"author":1,"featured_media":98,"parent":0,"menu_order":5,"comment_status":"closed","ping_status":"closed","template":"templates\/template-twocolumns-left.php","meta":{"footnotes":""},"class_list":["post-68","page","type-page","status-publish","has-post-thumbnail","hentry"],"_links":{"self":[{"href":"https:\/\/www.beate-eierle.de\/funken-schwarz-schatten-gold\/wp-json\/wp\/v2\/pages\/68","targetHints":{"allow":["GET"]}}],"collection":[{"href":"https:\/\/www.beate-eierle.de\/funken-schwarz-schatten-gold\/wp-json\/wp\/v2\/pages"}],"about":[{"href":"https:\/\/www.beate-eierle.de\/funken-schwarz-schatten-gold\/wp-json\/wp\/v2\/types\/page"}],"author":[{"embeddable":true,"href":"https:\/\/www.beate-eierle.de\/funken-schwarz-schatten-gold\/wp-json\/wp\/v2\/users\/1"}],"replies":[{"embeddable":true,"href":"https:\/\/www.beate-eierle.de\/funken-schwarz-schatten-gold\/wp-json\/wp\/v2\/comments?post=68"}],"version-history":[{"count":13,"href":"https:\/\/www.beate-eierle.de\/funken-schwarz-schatten-gold\/wp-json\/wp\/v2\/pages\/68\/revisions"}],"predecessor-version":[{"id":355,"href":"https:\/\/www.beate-eierle.de\/funken-schwarz-schatten-gold\/wp-json\/wp\/v2\/pages\/68\/revisions\/355"}],"wp:featuredmedia":[{"embeddable":true,"href":"https:\/\/www.beate-eierle.de\/funken-schwarz-schatten-gold\/wp-json\/wp\/v2\/media\/98"}],"wp:attachment":[{"href":"https:\/\/www.beate-eierle.de\/funken-schwarz-schatten-gold\/wp-json\/wp\/v2\/media?parent=68"}],"curies":[{"name":"wp","href":"https:\/\/api.w.org\/{rel}","templated":true}]}}